{"id":50681,"date":"2013-06-21T13:48:45","date_gmt":"2013-06-21T13:48:45","guid":{"rendered":"https:\/\/woo.shop.crucialresponse.com\/?post_type=product&#038;p=50681"},"modified":"2021-01-12T22:39:05","modified_gmt":"2021-01-12T22:39:05","slug":"stalag-13-skeleton-skater-girlie-shirt-2","status":"publish","type":"product","link":"https:\/\/woo.shop.crucialresponse.com\/en\/produkt\/stalag-13-skeleton-skater-girlie-shirt-2\/","title":{"rendered":"Stalag 13 &#8211; Skeleton Skater Girlie Shirt"},"content":{"rendered":"<p>Marke: B&#038;C Girlie Shirt<\/p>\n<p>145 g\/qm, 100 % ringgesponnene, einlaufvorbehandelte Baumwolle, Single Jersey, Halsausschnitt mit schmalem Rippstrickb\u00fcndchen eingefasst, Doppelnaht an \u00c4rmelabschluss und Bund, Seitenn\u00e4hte.<\/p>\n","protected":false},"excerpt":{"rendered":"<p>Marke: B&#038;C Girlie Shirt 145 g\/qm, 100 % ringgesponnene, einlaufvorbehandelte Baumwolle, Single Jersey, Halsausschnitt mit schmalem Rippstrickb\u00fcndchen eingefasst, Doppelnaht an \u00c4rmelabschluss und Bund, Seitenn\u00e4hte.<\/p>\n","protected":false},"featured_media":50683,"template":"","meta":[],"product_brand":[],"product_cat":[683],"product_tag":[],"class_list":{"0":"post-50681","1":"product","2":"type-product","3":"status-publish","4":"has-post-thumbnail","6":"product_cat-girlie-shirts-2","7":"pa_farbe-black","8":"pa_farbe-navyblue","9":"pa_grobe-l-3","10":"pa_grobe-m-3","11":"pa_grobe-s","12":"pa_grobe-xl-3","13":"pa_grobe-xs","15":"first","16":"instock","17":"taxable","18":"shipping-taxable","19":"purchasable","20":"product-type-variable"},"jetpack_sharing_enabled":true,"_links":{"self":[{"href":"https:\/\/woo.shop.crucialresponse.com\/en\/wp-json\/wp\/v2\/product\/50681","targetHints":{"allow":["GET"]}}],"collection":[{"href":"https:\/\/woo.shop.crucialresponse.com\/en\/wp-json\/wp\/v2\/product"}],"about":[{"href":"https:\/\/woo.shop.crucialresponse.com\/en\/wp-json\/wp\/v2\/types\/product"}],"wp:featuredmedia":[{"embeddable":true,"href":"https:\/\/woo.shop.crucialresponse.com\/en\/wp-json\/wp\/v2\/media\/50683"}],"wp:attachment":[{"href":"https:\/\/woo.shop.crucialresponse.com\/en\/wp-json\/wp\/v2\/media?parent=50681"}],"wp:term":[{"taxonomy":"product_brand","embeddable":true,"href":"https:\/\/woo.shop.crucialresponse.com\/en\/wp-json\/wp\/v2\/product_brand?post=50681"},{"taxonomy":"product_cat","embeddable":true,"href":"https:\/\/woo.shop.crucialresponse.com\/en\/wp-json\/wp\/v2\/product_cat?post=50681"},{"taxonomy":"product_tag","embeddable":true,"href":"https:\/\/woo.shop.crucialresponse.com\/en\/wp-json\/wp\/v2\/product_tag?post=50681"}],"curies":[{"name":"wp","href":"https:\/\/api.w.org\/{rel}","templated":true}]}}