{"id":57118,"date":"2015-06-03T20:36:52","date_gmt":"2015-06-03T20:36:52","guid":{"rendered":"https:\/\/woo.shop.crucialresponse.com\/?post_type=product&#038;p=57118"},"modified":"2022-09-19T22:58:01","modified_gmt":"2022-09-19T22:58:01","slug":"death-side-logo-girlie-shirt-2","status":"publish","type":"product","link":"https:\/\/woo.shop.crucialresponse.com\/en\/produkt\/death-side-logo-girlie-shirt-2\/","title":{"rendered":"Death Side &#8211; Logo Girlie Shirt"},"content":{"rendered":"<p>Marke: B&#038;C Girlie Shirt<\/p>\n<p>145 g\/qm, 100 % ringgesponnene, einlaufvorbehandelte Baumwolle, Single Jersey, Halsausschnitt mit schmalem Rippstrickb\u00fcndchen eingefasst, Doppelnaht an \u00c4rmelabschluss und Bund, Seitenn\u00e4ht<\/p>\n","protected":false},"excerpt":{"rendered":"<p>Marke: B&#038;C Girlie Shirt 145 g\/qm, 100 % ringgesponnene, einlaufvorbehandelte Baumwolle, Single Jersey, Halsausschnitt mit schmalem Rippstrickb\u00fcndchen eingefasst, Doppelnaht an \u00c4rmelabschluss und Bund, Seitenn\u00e4ht<\/p>\n","protected":false},"featured_media":57120,"template":"","meta":[],"product_brand":[],"product_cat":[683],"product_tag":[],"class_list":{"0":"post-57118","1":"product","2":"type-product","3":"status-publish","4":"has-post-thumbnail","6":"product_cat-girlie-shirts-2","7":"pa_farbe-black","8":"pa_farbe-grey","9":"pa_farbe-white","10":"pa_grobe-l-3","11":"pa_grobe-m-3","12":"pa_grobe-s","13":"pa_grobe-xl-3","14":"pa_grobe-xs","16":"first","17":"instock","18":"taxable","19":"shipping-taxable","20":"purchasable","21":"product-type-variable"},"jetpack_sharing_enabled":true,"_links":{"self":[{"href":"https:\/\/woo.shop.crucialresponse.com\/en\/wp-json\/wp\/v2\/product\/57118","targetHints":{"allow":["GET"]}}],"collection":[{"href":"https:\/\/woo.shop.crucialresponse.com\/en\/wp-json\/wp\/v2\/product"}],"about":[{"href":"https:\/\/woo.shop.crucialresponse.com\/en\/wp-json\/wp\/v2\/types\/product"}],"wp:featuredmedia":[{"embeddable":true,"href":"https:\/\/woo.shop.crucialresponse.com\/en\/wp-json\/wp\/v2\/media\/57120"}],"wp:attachment":[{"href":"https:\/\/woo.shop.crucialresponse.com\/en\/wp-json\/wp\/v2\/media?parent=57118"}],"wp:term":[{"taxonomy":"product_brand","embeddable":true,"href":"https:\/\/woo.shop.crucialresponse.com\/en\/wp-json\/wp\/v2\/product_brand?post=57118"},{"taxonomy":"product_cat","embeddable":true,"href":"https:\/\/woo.shop.crucialresponse.com\/en\/wp-json\/wp\/v2\/product_cat?post=57118"},{"taxonomy":"product_tag","embeddable":true,"href":"https:\/\/woo.shop.crucialresponse.com\/en\/wp-json\/wp\/v2\/product_tag?post=57118"}],"curies":[{"name":"wp","href":"https:\/\/api.w.org\/{rel}","templated":true}]}}