{"id":68168,"date":"2022-10-03T23:05:19","date_gmt":"2022-10-03T23:05:19","guid":{"rendered":"https:\/\/woo.shop.crucialresponse.com\/?post_type=product&#038;p=68168"},"modified":"2022-10-03T23:07:14","modified_gmt":"2022-10-03T23:07:14","slug":"motorhead-iron-fistlp-40-anniversary-2","status":"publish","type":"product","link":"https:\/\/woo.shop.crucialresponse.com\/en\/produkt\/motorhead-iron-fistlp-40-anniversary-2\/","title":{"rendered":"Mot\u00f6rhead &#8211; Iron FistLP (40 anniversary)"},"content":{"rendered":"<p>&#8220;Iron Fist&#8221; shows Mot\u00f6rhead at a crucial stage, when they found themselves caught in the tornado of success and, in true Mot\u00f6rhead fashion, rushed into their next phase with such speed that it surpassed logic and reason and became the trio&#8217;s final kamikaze joyride. Forty years later, &#8220;Iron Fist&#8221; sounds like Mot\u00f6rhead without the gloves and seatbelts. by 1982, punk was over, the new wave of heavy metal sounded squeaky and clich\u00e9d next to its grungy godfathers, and yet Mot\u00f6rhead retained the ability to laugh at everything, including themselves, while going lightning fast on all the senses and turning everything up to overload<\/p>\n","protected":false},"excerpt":{"rendered":"<p>&#8220;Iron Fist&#8221; shows Mot\u00f6rhead at a crucial stage, when they found themselves caught in the tornado of success and, in true Mot\u00f6rhead fashion, rushed into their next phase with such speed that it surpassed logic and reason and became the trio&#8217;s final kamikaze joyride. Forty years later, &#8220;Iron Fist&#8221; sounds like Mot\u00f6rhead without the gloves [&hellip;]<\/p>\n","protected":false},"featured_media":68170,"template":"","meta":[],"product_brand":[1234],"product_cat":[655],"product_tag":[],"class_list":{"0":"post-68168","1":"product","2":"type-product","3":"status-publish","4":"has-post-thumbnail","6":"product_brand-sanctuary","7":"product_cat-lp-2","8":"pa_farbe-colored-vinyl","10":"first","11":"instock","12":"taxable","13":"shipping-taxable","14":"purchasable","15":"product-type-variable"},"jetpack_sharing_enabled":true,"_links":{"self":[{"href":"https:\/\/woo.shop.crucialresponse.com\/en\/wp-json\/wp\/v2\/product\/68168","targetHints":{"allow":["GET"]}}],"collection":[{"href":"https:\/\/woo.shop.crucialresponse.com\/en\/wp-json\/wp\/v2\/product"}],"about":[{"href":"https:\/\/woo.shop.crucialresponse.com\/en\/wp-json\/wp\/v2\/types\/product"}],"wp:featuredmedia":[{"embeddable":true,"href":"https:\/\/woo.shop.crucialresponse.com\/en\/wp-json\/wp\/v2\/media\/68170"}],"wp:attachment":[{"href":"https:\/\/woo.shop.crucialresponse.com\/en\/wp-json\/wp\/v2\/media?parent=68168"}],"wp:term":[{"taxonomy":"product_brand","embeddable":true,"href":"https:\/\/woo.shop.crucialresponse.com\/en\/wp-json\/wp\/v2\/product_brand?post=68168"},{"taxonomy":"product_cat","embeddable":true,"href":"https:\/\/woo.shop.crucialresponse.com\/en\/wp-json\/wp\/v2\/product_cat?post=68168"},{"taxonomy":"product_tag","embeddable":true,"href":"https:\/\/woo.shop.crucialresponse.com\/en\/wp-json\/wp\/v2\/product_tag?post=68168"}],"curies":[{"name":"wp","href":"https:\/\/api.w.org\/{rel}","templated":true}]}}