{"id":69241,"date":"2023-11-06T23:37:53","date_gmt":"2023-11-06T23:37:53","guid":{"rendered":"https:\/\/woo.shop.crucialresponse.com\/?post_type=product&#038;p=69241"},"modified":"2023-11-06T23:39:06","modified_gmt":"2023-11-06T23:39:06","slug":"rixe-coups-et-blessures-7-2","status":"publish","type":"product","link":"https:\/\/woo.shop.crucialresponse.com\/en\/produkt\/rixe-coups-et-blessures-7-2\/","title":{"rendered":"Rixe &#8211; Coups Et Blessures 7&#8243;"},"content":{"rendered":"<p>&#8220;Coups Et Blessures&#8221; 7&#8243; ep von der neuen Pariser Oi! band rixe. Die vier Tracks erinnern an die glorreichen Jahre von Nabat aus Bologna, gemischt mit dem klassischen franz\u00f6sischen Oi!-Sound der 80er Jahre via Ras oder L&#8217;Infanterie Sauvage und einem starken Blitz-Vibe. Der Sound ist rau, direkt und w\u00fctend, angetrieben von einem verzerrten Bass und einem S\u00e4nger, der zum Spa\u00df auf Glas kaut. Wie die inzwischen aufgel\u00f6sten Criminal Damage, die Newbies No Time aus Pittsburgh und Syndrome 81 aus Brest sind Rixe die neue Stimme einer Generation.<\/p>\n","protected":false},"excerpt":{"rendered":"<p>&#8220;Coups Et Blessures&#8221; 7&#8243; ep von der neuen Pariser Oi! band rixe. Die vier Tracks erinnern an die glorreichen Jahre von Nabat aus Bologna, gemischt mit dem klassischen franz\u00f6sischen Oi!-Sound der 80er Jahre via Ras oder L&#8217;Infanterie Sauvage und einem starken Blitz-Vibe. Der Sound ist rau, direkt und w\u00fctend, angetrieben von einem verzerrten Bass und [&hellip;]<\/p>\n","protected":false},"featured_media":69242,"template":"","meta":[],"product_brand":[980],"product_cat":[653],"product_tag":[],"class_list":{"0":"post-69241","1":"product","2":"type-product","3":"status-publish","4":"has-post-thumbnail","6":"product_brand-la-vida-es-un-mus","7":"product_cat-7-2","9":"first","10":"instock","11":"taxable","12":"shipping-taxable","13":"purchasable","14":"product-type-simple"},"jetpack_sharing_enabled":true,"_links":{"self":[{"href":"https:\/\/woo.shop.crucialresponse.com\/en\/wp-json\/wp\/v2\/product\/69241","targetHints":{"allow":["GET"]}}],"collection":[{"href":"https:\/\/woo.shop.crucialresponse.com\/en\/wp-json\/wp\/v2\/product"}],"about":[{"href":"https:\/\/woo.shop.crucialresponse.com\/en\/wp-json\/wp\/v2\/types\/product"}],"wp:featuredmedia":[{"embeddable":true,"href":"https:\/\/woo.shop.crucialresponse.com\/en\/wp-json\/wp\/v2\/media\/69242"}],"wp:attachment":[{"href":"https:\/\/woo.shop.crucialresponse.com\/en\/wp-json\/wp\/v2\/media?parent=69241"}],"wp:term":[{"taxonomy":"product_brand","embeddable":true,"href":"https:\/\/woo.shop.crucialresponse.com\/en\/wp-json\/wp\/v2\/product_brand?post=69241"},{"taxonomy":"product_cat","embeddable":true,"href":"https:\/\/woo.shop.crucialresponse.com\/en\/wp-json\/wp\/v2\/product_cat?post=69241"},{"taxonomy":"product_tag","embeddable":true,"href":"https:\/\/woo.shop.crucialresponse.com\/en\/wp-json\/wp\/v2\/product_tag?post=69241"}],"curies":[{"name":"wp","href":"https:\/\/api.w.org\/{rel}","templated":true}]}}