{"id":69744,"date":"2024-09-11T15:22:56","date_gmt":"2024-09-11T15:22:56","guid":{"rendered":"https:\/\/woo.shop.crucialresponse.com\/?post_type=product&#038;p=69744"},"modified":"2024-09-11T15:24:13","modified_gmt":"2024-09-11T15:24:13","slug":"j-robbins-un-becoming-lp-2","status":"publish","type":"product","link":"https:\/\/woo.shop.crucialresponse.com\/en\/produkt\/j-robbins-un-becoming-lp-2\/","title":{"rendered":"J. Robbins &#8211; Un-becoming LP"},"content":{"rendered":"<p>J. Robbins ist seit Anfang der 90er Jahre Gitarrist \/ S\u00e4nger und prim\u00e4rer Songwriter in mehreren Bands, darunter Jawbox, Burning Airlines und Channels. Er hat auch Bass f\u00fcr Government Issue und das Vic Bondi-Projekt Report Suspicious Activity gespielt. W\u00e4hrend dieser Zeit war er auch als Toningenieur und Produzent t\u00e4tig und arbeitete mit Musikern aus der ganzen Welt in seinem in Baltimore ans\u00e4ssigen Studio, dem Magpie Cage, zusammen. J. trat um 2010 als Solok\u00fcnstler auf, ver\u00f6ffentlichte gelegentlich unauff\u00e4llige Releases auf Bandcamp und trug zu zwei Benefit-Compilations bei, die auf Arctic Rodeo Records ver\u00f6ffentlicht wurden. &#8220;Un-Becoming&#8221; ist sein erstes Solo-Album. Bei 11 der 12 Songs der LP bekommt J. Begleitung durch Peter Moffett am Schlagzeug, Brooks Harlan am Bass und Gordon Withers an Cello und Gitarre.<\/p>\n","protected":false},"excerpt":{"rendered":"<p>J. Robbins ist seit Anfang der 90er Jahre Gitarrist \/ S\u00e4nger und prim\u00e4rer Songwriter in mehreren Bands, darunter Jawbox, Burning Airlines und Channels. Er hat auch Bass f\u00fcr Government Issue und das Vic Bondi-Projekt Report Suspicious Activity gespielt. W\u00e4hrend dieser Zeit war er auch als Toningenieur und Produzent t\u00e4tig und arbeitete mit Musikern aus der [&hellip;]<\/p>\n","protected":false},"featured_media":69746,"template":"","meta":[],"product_brand":[880],"product_cat":[655],"product_tag":[],"class_list":{"0":"post-69744","1":"product","2":"type-product","3":"status-publish","4":"has-post-thumbnail","6":"product_brand-dischord","7":"product_cat-lp-2","8":"pa_farbe-colored-vinyl","10":"first","11":"instock","12":"taxable","13":"shipping-taxable","14":"purchasable","15":"product-type-variable"},"jetpack_sharing_enabled":true,"_links":{"self":[{"href":"https:\/\/woo.shop.crucialresponse.com\/en\/wp-json\/wp\/v2\/product\/69744","targetHints":{"allow":["GET"]}}],"collection":[{"href":"https:\/\/woo.shop.crucialresponse.com\/en\/wp-json\/wp\/v2\/product"}],"about":[{"href":"https:\/\/woo.shop.crucialresponse.com\/en\/wp-json\/wp\/v2\/types\/product"}],"wp:featuredmedia":[{"embeddable":true,"href":"https:\/\/woo.shop.crucialresponse.com\/en\/wp-json\/wp\/v2\/media\/69746"}],"wp:attachment":[{"href":"https:\/\/woo.shop.crucialresponse.com\/en\/wp-json\/wp\/v2\/media?parent=69744"}],"wp:term":[{"taxonomy":"product_brand","embeddable":true,"href":"https:\/\/woo.shop.crucialresponse.com\/en\/wp-json\/wp\/v2\/product_brand?post=69744"},{"taxonomy":"product_cat","embeddable":true,"href":"https:\/\/woo.shop.crucialresponse.com\/en\/wp-json\/wp\/v2\/product_cat?post=69744"},{"taxonomy":"product_tag","embeddable":true,"href":"https:\/\/woo.shop.crucialresponse.com\/en\/wp-json\/wp\/v2\/product_tag?post=69744"}],"curies":[{"name":"wp","href":"https:\/\/api.w.org\/{rel}","templated":true}]}}